{"id":175,"date":"2020-12-29T10:18:59","date_gmt":"2020-12-29T10:18:59","guid":{"rendered":"https:\/\/projekty.realitni-agentura.cz\/?page_id=175"},"modified":"2020-12-29T10:18:59","modified_gmt":"2020-12-29T10:18:59","slug":"zpracovani-osobnich-udaju","status":"publish","type":"page","link":"https:\/\/www.realitni-agentura.cz\/projekty\/zpracovani-osobnich-udaju\/","title":{"rendered":"Zpracov\u00e1n\u00ed osobn\u00edch \u00fadaj\u016f"},"content":{"rendered":"[vc_row type=&#8221;in_container&#8221; full_screen_row_position=&#8221;middle&#8221; column_margin=&#8221;default&#8221; column_direction=&#8221;default&#8221; column_direction_tablet=&#8221;default&#8221; column_direction_phone=&#8221;default&#8221; scene_position=&#8221;center&#8221; text_color=&#8221;dark&#8221; text_align=&#8221;left&#8221; row_border_radius=&#8221;none&#8221; row_border_radius_applies=&#8221;bg&#8221; overlay_strength=&#8221;0.3&#8243; gradient_direction=&#8221;left_to_right&#8221; shape_divider_position=&#8221;bottom&#8221; bg_image_animation=&#8221;none&#8221;][vc_column column_padding=&#8221;no-extra-padding&#8221; column_padding_tablet=&#8221;inherit&#8221; column_padding_phone=&#8221;inherit&#8221; column_padding_position=&#8221;all&#8221; background_color_opacity=&#8221;1&#8243; background_hover_color_opacity=&#8221;1&#8243; column_shadow=&#8221;none&#8221; column_border_radius=&#8221;none&#8221; column_link_target=&#8221;_self&#8221; gradient_direction=&#8221;left_to_right&#8221; overlay_strength=&#8221;0.3&#8243; width=&#8221;1\/1&#8243; tablet_width_inherit=&#8221;default&#8221; tablet_text_alignment=&#8221;default&#8221; phone_text_alignment=&#8221;default&#8221; column_border_width=&#8221;none&#8221; column_border_style=&#8221;solid&#8221; bg_image_animation=&#8221;none&#8221;][vc_column_text]\n<div class=\"wpb_text_column wpb_content_element \">\n<div class=\"wpb_wrapper\">\n<h3>Ud\u011bluji souhlas se zpracov\u00e1n\u00edm m\u00fdch osobn\u00edch \u00fadaj\u016f (jm\u00e9no, e-mail, telefon) za \u00fa\u010delem odpov\u011bdi na m\u016fj dotaz, zaslan\u00fd prost\u0159ednictv\u00edm kontaktn\u00edho formul\u00e1\u0159e um\u00edst\u011bn\u00e9ho na webov\u00fdch str\u00e1nk\u00e1ch spr\u00e1vce.<\/h3>\n<\/div>\n<\/div>\n[\/vc_column_text][divider line_type=&#8221;Full Width Line&#8221; line_thickness=&#8221;5&#8243; divider_color=&#8221;accent-color&#8221; animate=&#8221;yes&#8221;][vc_column_text]\n<div class=\"wpb_text_column wpb_content_element \">\n<div class=\"wpb_wrapper\">\n<h3><strong style=\"font-size: 16px;\">Souhlas<\/strong><\/h3>\n<\/div>\n<\/div>\n<div class=\"wpb_text_column wpb_content_element \">\n<div class=\"wpb_wrapper\">\n<ul>\n<li>Ud\u011blen\u00edm tohoto souhlasu se zpracov\u00e1n\u00edm osobn\u00edch \u00fadaj\u016f poskytujete souhlas k tomu, aby spole\u010dnost PANFERRADA invest s.r.o., Lazeck\u00e1 57\/6, Lazce, 779 00 Olomouc, \u010cesk\u00e1 republika, I\u010cO: 03805735, zapsan\u00e1 v obchodn\u00edm rejst\u0159\u00edku veden\u00e9m Krajsk\u00fdm soudem v Ostrav\u011b, odd\u00edl C, vlo\u017eka 61382 (d\u00e1le jako \u201espr\u00e1vce\u201c) zpracov\u00e1vala Va\u0161e osobn\u00ed \u00fadaje poskytnut\u00e9 na z\u00e1klad\u011b tohoto souhlasu dle d\u00e1le uveden\u00fdch podm\u00ednek.<\/li>\n<\/ul>\n<p><strong>Rozsah zpracov\u00e1n\u00ed Va\u0161ich osobn\u00edch \u00fadaj\u016f<\/strong><\/p>\n<ul>\n<li>Spr\u00e1vce bude na z\u00e1klad\u011b tohoto souhlasu zpracov\u00e1vat Va\u0161e jm\u00e9no a e-mail, telefon a to za d\u00e1le uveden\u00fdm \u00fa\u010delem.<\/li>\n<\/ul>\n<p><strong>\u00da\u010del zpracov\u00e1n\u00ed Va\u0161ich osobn\u00edch \u00fadaj\u016f<\/strong><\/p>\n<ul>\n<li>Spr\u00e1vce bude Va\u0161e osobn\u00ed \u00fadaje poskytnut\u00e9 na z\u00e1klad\u011b tohoto souhlasu zpracov\u00e1vat za \u00fa\u010delem evidence a zpracov\u00e1n\u00ed odpov\u011bdi na polo\u017een\u00fd dotaz, zaslan\u00fd prost\u0159ednictv\u00edm kontaktn\u00edho formul\u00e1\u0159e um\u00edst\u011bn\u00e9ho na webov\u00fdch str\u00e1nk\u00e1ch spr\u00e1vce.<\/li>\n<\/ul>\n<p><strong>Pr\u00e1vn\u00ed z\u00e1klad zpracov\u00e1n\u00ed osobn\u00edch \u00fadaj\u016f<\/strong><\/p>\n<ul>\n<li>Pr\u00e1vn\u00edm z\u00e1kladem zpracov\u00e1n\u00ed je tento V\u00e1\u0161 souhlas. Va\u0161e Osobn\u00ed \u00fadaje jsou zpracov\u00e1v\u00e1ny v\u00a0souladu s Obecn\u00fdm na\u0159\u00edzen\u00edm o ochran\u011b osobn\u00edch \u00fadaj\u016f \u2013 Na\u0159\u00edzen\u00edm Evropsk\u00e9ho parlamentu a rady (EU) 2016\/679 ze dne 27.4.2016 \u2013 (d\u00e1le jako \u201eGDPR\u201c).<\/li>\n<\/ul>\n<p><strong>Doba, po n\u00ed\u017e budou Va\u0161e osobn\u00ed \u00fadaje zpracov\u00e1v\u00e1ny<\/strong><\/p>\n<ul>\n<li>Spr\u00e1vce bude Va\u0161e osobn\u00ed \u00fadaje zpracov\u00e1vat po dobu nezbytn\u011b nutnou, maxim\u00e1ln\u011b v\u0161ak 2 roky ode dne odesl\u00e1n\u00ed formul\u00e1\u0159e, pokud tento souhlas neodvol\u00e1te d\u0159\u00edve.<\/li>\n<\/ul>\n<p><strong>Odvol\u00e1n\u00ed souhlasu se zpracov\u00e1n\u00edm osobn\u00edch \u00fadaj\u016f<\/strong><\/p>\n<ul>\n<li>Tento V\u00e1\u0161 dobrovoln\u011b ud\u011blen\u00fd souhlas se zpracov\u00e1n\u00edm osobn\u00edch \u00fadaj\u016f m\u016f\u017eete kdykoli bezplatn\u011b odvolat, a to prost\u0159ednictv\u00edm zasl\u00e1n\u00ed e-mailu na adresu:\u00a0<a href=\"mailto:info@realitni-agentura.cz\">info@realitni-agentura.cz<\/a><br \/>\nOdvol\u00e1n\u00edm souhlasu nen\u00ed dot\u010dena z\u00e1konnost zpracov\u00e1n\u00ed vych\u00e1zej\u00edc\u00edho ze souhlasu, kter\u00fd byl d\u00e1n p\u0159ed jeho odvol\u00e1n\u00edm.<\/li>\n<\/ul>\n<p><strong>Osoby s\u00a0p\u0159\u00edstupem k\u00a0Va\u0161\u00edm osobn\u00edm \u00fadaj\u016fm<\/strong><\/p>\n<ul>\n<li>K Va\u0161im osobn\u00edm \u00fadaj\u016fm bude m\u00edt p\u0159\u00edstup spr\u00e1vce, jeho zam\u011bstnanci a p\u0159\u00edpadn\u011b po\u00a0nezbytn\u011b nutnou dobu a v nezbytn\u011b nutn\u00e9m rozsahu t\u00e9\u017e t\u0159et\u00ed osoby \u2013 zpracovatel\u00e9, kte\u0159\u00ed poskytnou vhodn\u00e9 z\u00e1ruky a jejich\u017e zpracov\u00e1n\u00ed spl\u0148uje v\u0161echny po\u017eadavky GDPR, a kter\u00e9 budou dostate\u010dn\u011b chr\u00e1nit Va\u0161e pr\u00e1va a Va\u0161e osobn\u00ed \u00fadaje. T\u011bmito osobami jsou zejm\u00e9na marketingov\u00ed poradci.<\/li>\n<li>V\u00a0p\u0159\u00edpad\u011b, \u017ee spr\u00e1vce vyu\u017eije Va\u0161e osobn\u00ed \u00fadaje ke sv\u00e9 propagaci, tak souhlas\u00edte s\u00a0t\u00edm, \u017ee tyto Va\u0161e osobn\u00ed \u00fadaje budou zp\u0159\u00edstupn\u011bny \u0161irok\u00e9 ve\u0159ejnosti, v\u010detn\u011b zve\u0159ejn\u011bn\u00ed v\u00a0zem\u00edch mimo Evropskou unii.<\/li>\n<\/ul>\n<p><strong>Kontaktn\u00ed \u00fadaje spr\u00e1vce<\/strong><\/p>\n<ul>\n<li>Spr\u00e1vce m\u016f\u017eete kontaktovat na e-mailu:\u00a0<a href=\"mailto:info@realitni-agentura.cz\">info@realitni-agentura.cz<\/a> \u010di p\u00edsemn\u011b na adrese provozovny spr\u00e1vce (PANFERRADA invest s.r.o., Lazeck\u00e1 57\/6, Lazce, 779 00 Olomouc, \u010cesk\u00e1 republika). Spr\u00e1vce je opr\u00e1vn\u011bn po\u017eadovat prok\u00e1z\u00e1n\u00ed Va\u0161\u00ed toto\u017enosti za \u00fa\u010delem zamezen\u00ed p\u0159\u00edstupu neopr\u00e1vn\u011bn\u00fdm osob\u00e1m k Va\u0161im osobn\u00edm \u00fadaj\u016fm.<\/li>\n<\/ul>\n<p><strong>Va\u0161e pr\u00e1va souvisej\u00edc\u00ed s\u00a0ochranou Va\u0161ich osobn\u00edch \u00fadaj\u016f<\/strong><\/p>\n<ul>\n<li>M\u00e1te pr\u00e1vo kdykoliv odvolat sv\u016fj souhlas, opravit \u010di doplnit osobn\u00ed \u00fadaje, po\u017eadovat omezen\u00ed zpracov\u00e1n\u00ed, vzn\u00e9st n\u00e1mitku \u010di st\u00ed\u017enost proti zpracov\u00e1n\u00ed osobn\u00edch \u00fadaj\u016f, po\u017eadovat p\u0159enesen\u00ed \u00fadaj\u016f, p\u0159\u00edstupu ke sv\u00fdm osobn\u00edm \u00fadaj\u016fm, b\u00fdt informov\u00e1n o poru\u0161en\u00ed zabezpe\u010den\u00ed osobn\u00edch \u00fadaj\u016f, v\u00fdmazu a dal\u0161\u00ed pr\u00e1va stanoven\u00e1 v\u00a0GDPR.<\/li>\n<\/ul>\n<p><strong>Pr\u00e1vo podat st\u00ed\u017enost u dozorov\u00e9ho \u00fa\u0159adu<\/strong><\/p>\n<ul>\n<li>Kdykoliv m\u016f\u017eete podat st\u00ed\u017enost t\u00fdkaj\u00edc\u00ed se zpracov\u00e1n\u00ed Va\u0161ich osobn\u00edch \u00fadaj\u016f nebo nepln\u011bn\u00ed povinnost\u00ed spr\u00e1vce plynouc\u00edch z GDPR k\u00a0dozorov\u00e9mu \u00fa\u0159adu \u2013 \u00da\u0159ad pro ochranu osobn\u00edch \u00fadaj\u016f, se s\u00eddlem Pplk. Sochora 27, 170\u00a000 Praha\u00a07,\u00a0<a href=\"http:\/\/www.uoou.cz\/\">www.uoou.cz<\/a>.<\/li>\n<\/ul>\n<p><strong>Povinnost poskytnout osobn\u00ed \u00fadaje. N\u00e1sledky neposkytnut\u00ed osobn\u00edch \u00fadaj\u016f<\/strong><\/p>\n<ul>\n<li>Va\u0161e osobn\u00ed \u00fadaje poskytujete zcela dobrovoln\u011b. Nem\u00e1te \u017e\u00e1dnou povinnost je poskytnout. V p\u0159\u00edpad\u011b, \u017ee Va\u0161e osobn\u00ed \u00fadaje neposkytnete, nehroz\u00ed V\u00e1m \u017e\u00e1dn\u00e1 sankce.<\/li>\n<\/ul>\n<\/div>\n<\/div>\n[\/vc_column_text][\/vc_column][\/vc_row]\n","protected":false},"excerpt":{"rendered":"<p>[vc_row type=&#8221;in_container&#8221; full_screen_row_position=&#8221;middle&#8221; column_margin=&#8221;default&#8221; column_direction=&#8221;default&#8221; column_direction_tablet=&#8221;default&#8221; column_direction_phone=&#8221;default&#8221; scene_position=&#8221;center&#8221; text_color=&#8221;dark&#8221; text_align=&#8221;left&#8221; row_border_radius=&#8221;none&#8221; row_border_radius_applies=&#8221;bg&#8221; overlay_strength=&#8221;0.3&#8243; gradient_direction=&#8221;left_to_right&#8221; shape_divider_position=&#8221;bottom&#8221; bg_image_animation=&#8221;none&#8221;][vc_column column_padding=&#8221;no-extra-padding&#8221; column_padding_tablet=&#8221;inherit&#8221; column_padding_phone=&#8221;inherit&#8221; column_padding_position=&#8221;all&#8221; background_color_opacity=&#8221;1&#8243; background_hover_color_opacity=&#8221;1&#8243; column_shadow=&#8221;none&#8221; column_border_radius=&#8221;none&#8221; column_link_target=&#8221;_self&#8221; gradient_direction=&#8221;left_to_right&#8221; overlay_strength=&#8221;0.3&#8243; width=&#8221;1\/1&#8243; tablet_width_inherit=&#8221;default&#8221; tablet_text_alignment=&#8221;default&#8221;&#8230;<\/p>\n","protected":false},"author":1,"featured_media":0,"parent":0,"menu_order":0,"comment_status":"closed","ping_status":"closed","template":"","meta":[],"yoast_head":"<!-- This site is optimized with the Yoast SEO plugin v19.8 - https:\/\/yoast.com\/wordpress\/plugins\/seo\/ -->\n<title>Zpracov\u00e1n\u00ed osobn\u00edch \u00fadaj\u016f - Realitn\u00ed agentura<\/title>\n<meta name=\"robots\" content=\"index, follow, max-snippet:-1, max-image-preview:large, max-video-preview:-1\" \/>\n<link rel=\"canonical\" href=\"https:\/\/www.realitni-agentura.cz\/projekty\/zpracovani-osobnich-udaju\/\" \/>\n<meta property=\"og:locale\" content=\"cs_CZ\" \/>\n<meta property=\"og:type\" content=\"article\" \/>\n<meta property=\"og:title\" content=\"Zpracov\u00e1n\u00ed osobn\u00edch \u00fadaj\u016f - Realitn\u00ed agentura\" \/>\n<meta property=\"og:description\" content=\"[vc_row type=&#8221;in_container&#8221; full_screen_row_position=&#8221;middle&#8221; column_margin=&#8221;default&#8221; column_direction=&#8221;default&#8221; column_direction_tablet=&#8221;default&#8221; column_direction_phone=&#8221;default&#8221; scene_position=&#8221;center&#8221; text_color=&#8221;dark&#8221; text_align=&#8221;left&#8221; row_border_radius=&#8221;none&#8221; row_border_radius_applies=&#8221;bg&#8221; overlay_strength=&#8221;0.3&#8243; gradient_direction=&#8221;left_to_right&#8221; shape_divider_position=&#8221;bottom&#8221; bg_image_animation=&#8221;none&#8221;][vc_column column_padding=&#8221;no-extra-padding&#8221; column_padding_tablet=&#8221;inherit&#8221; column_padding_phone=&#8221;inherit&#8221; column_padding_position=&#8221;all&#8221; background_color_opacity=&#8221;1&#8243; background_hover_color_opacity=&#8221;1&#8243; column_shadow=&#8221;none&#8221; column_border_radius=&#8221;none&#8221; column_link_target=&#8221;_self&#8221; gradient_direction=&#8221;left_to_right&#8221; overlay_strength=&#8221;0.3&#8243; width=&#8221;1\/1&#8243; tablet_width_inherit=&#8221;default&#8221; tablet_text_alignment=&#8221;default&#8221;...\" \/>\n<meta property=\"og:url\" content=\"https:\/\/www.realitni-agentura.cz\/projekty\/zpracovani-osobnich-udaju\/\" \/>\n<meta property=\"og:site_name\" content=\"Realitn\u00ed agentura\" \/>\n<meta name=\"twitter:card\" content=\"summary_large_image\" \/>\n<meta name=\"twitter:label1\" content=\"Odhadovan\u00e1 doba \u010dten\u00ed\" \/>\n\t<meta name=\"twitter:data1\" content=\"4 minuty\" \/>\n<script type=\"application\/ld+json\" class=\"yoast-schema-graph\">{\"@context\":\"https:\/\/schema.org\",\"@graph\":[{\"@type\":\"WebPage\",\"@id\":\"https:\/\/www.realitni-agentura.cz\/projekty\/zpracovani-osobnich-udaju\/\",\"url\":\"https:\/\/www.realitni-agentura.cz\/projekty\/zpracovani-osobnich-udaju\/\",\"name\":\"Zpracov\u00e1n\u00ed osobn\u00edch \u00fadaj\u016f - Realitn\u00ed agentura\",\"isPartOf\":{\"@id\":\"https:\/\/www.realitni-agentura.cz\/projekty\/#website\"},\"datePublished\":\"2020-12-29T10:18:59+00:00\",\"dateModified\":\"2020-12-29T10:18:59+00:00\",\"breadcrumb\":{\"@id\":\"https:\/\/www.realitni-agentura.cz\/projekty\/zpracovani-osobnich-udaju\/#breadcrumb\"},\"inLanguage\":\"cs\",\"potentialAction\":[{\"@type\":\"ReadAction\",\"target\":[\"https:\/\/www.realitni-agentura.cz\/projekty\/zpracovani-osobnich-udaju\/\"]}]},{\"@type\":\"BreadcrumbList\",\"@id\":\"https:\/\/www.realitni-agentura.cz\/projekty\/zpracovani-osobnich-udaju\/#breadcrumb\",\"itemListElement\":[{\"@type\":\"ListItem\",\"position\":1,\"name\":\"Dom\u016f\",\"item\":\"https:\/\/www.realitni-agentura.cz\/projekty\/\"},{\"@type\":\"ListItem\",\"position\":2,\"name\":\"Zpracov\u00e1n\u00ed osobn\u00edch \u00fadaj\u016f\"}]},{\"@type\":\"WebSite\",\"@id\":\"https:\/\/www.realitni-agentura.cz\/projekty\/#website\",\"url\":\"https:\/\/www.realitni-agentura.cz\/projekty\/\",\"name\":\"Realitn\u00ed agentura\",\"description\":\"Developersk\u00e9 projekty\",\"potentialAction\":[{\"@type\":\"SearchAction\",\"target\":{\"@type\":\"EntryPoint\",\"urlTemplate\":\"https:\/\/www.realitni-agentura.cz\/projekty\/?s={search_term_string}\"},\"query-input\":\"required name=search_term_string\"}],\"inLanguage\":\"cs\"}]}<\/script>\n<!-- \/ Yoast SEO plugin. -->","yoast_head_json":{"title":"Zpracov\u00e1n\u00ed osobn\u00edch \u00fadaj\u016f - Realitn\u00ed agentura","robots":{"index":"index","follow":"follow","max-snippet":"max-snippet:-1","max-image-preview":"max-image-preview:large","max-video-preview":"max-video-preview:-1"},"canonical":"https:\/\/www.realitni-agentura.cz\/projekty\/zpracovani-osobnich-udaju\/","og_locale":"cs_CZ","og_type":"article","og_title":"Zpracov\u00e1n\u00ed osobn\u00edch \u00fadaj\u016f - Realitn\u00ed agentura","og_description":"[vc_row type=&#8221;in_container&#8221; full_screen_row_position=&#8221;middle&#8221; column_margin=&#8221;default&#8221; column_direction=&#8221;default&#8221; column_direction_tablet=&#8221;default&#8221; column_direction_phone=&#8221;default&#8221; scene_position=&#8221;center&#8221; text_color=&#8221;dark&#8221; text_align=&#8221;left&#8221; row_border_radius=&#8221;none&#8221; row_border_radius_applies=&#8221;bg&#8221; overlay_strength=&#8221;0.3&#8243; gradient_direction=&#8221;left_to_right&#8221; shape_divider_position=&#8221;bottom&#8221; bg_image_animation=&#8221;none&#8221;][vc_column column_padding=&#8221;no-extra-padding&#8221; column_padding_tablet=&#8221;inherit&#8221; column_padding_phone=&#8221;inherit&#8221; column_padding_position=&#8221;all&#8221; background_color_opacity=&#8221;1&#8243; background_hover_color_opacity=&#8221;1&#8243; column_shadow=&#8221;none&#8221; column_border_radius=&#8221;none&#8221; column_link_target=&#8221;_self&#8221; gradient_direction=&#8221;left_to_right&#8221; overlay_strength=&#8221;0.3&#8243; width=&#8221;1\/1&#8243; tablet_width_inherit=&#8221;default&#8221; tablet_text_alignment=&#8221;default&#8221;...","og_url":"https:\/\/www.realitni-agentura.cz\/projekty\/zpracovani-osobnich-udaju\/","og_site_name":"Realitn\u00ed agentura","twitter_card":"summary_large_image","twitter_misc":{"Odhadovan\u00e1 doba \u010dten\u00ed":"4 minuty"},"schema":{"@context":"https:\/\/schema.org","@graph":[{"@type":"WebPage","@id":"https:\/\/www.realitni-agentura.cz\/projekty\/zpracovani-osobnich-udaju\/","url":"https:\/\/www.realitni-agentura.cz\/projekty\/zpracovani-osobnich-udaju\/","name":"Zpracov\u00e1n\u00ed osobn\u00edch \u00fadaj\u016f - Realitn\u00ed agentura","isPartOf":{"@id":"https:\/\/www.realitni-agentura.cz\/projekty\/#website"},"datePublished":"2020-12-29T10:18:59+00:00","dateModified":"2020-12-29T10:18:59+00:00","breadcrumb":{"@id":"https:\/\/www.realitni-agentura.cz\/projekty\/zpracovani-osobnich-udaju\/#breadcrumb"},"inLanguage":"cs","potentialAction":[{"@type":"ReadAction","target":["https:\/\/www.realitni-agentura.cz\/projekty\/zpracovani-osobnich-udaju\/"]}]},{"@type":"BreadcrumbList","@id":"https:\/\/www.realitni-agentura.cz\/projekty\/zpracovani-osobnich-udaju\/#breadcrumb","itemListElement":[{"@type":"ListItem","position":1,"name":"Dom\u016f","item":"https:\/\/www.realitni-agentura.cz\/projekty\/"},{"@type":"ListItem","position":2,"name":"Zpracov\u00e1n\u00ed osobn\u00edch \u00fadaj\u016f"}]},{"@type":"WebSite","@id":"https:\/\/www.realitni-agentura.cz\/projekty\/#website","url":"https:\/\/www.realitni-agentura.cz\/projekty\/","name":"Realitn\u00ed agentura","description":"Developersk\u00e9 projekty","potentialAction":[{"@type":"SearchAction","target":{"@type":"EntryPoint","urlTemplate":"https:\/\/www.realitni-agentura.cz\/projekty\/?s={search_term_string}"},"query-input":"required name=search_term_string"}],"inLanguage":"cs"}]}},"_links":{"self":[{"href":"https:\/\/www.realitni-agentura.cz\/projekty\/wp-json\/wp\/v2\/pages\/175"}],"collection":[{"href":"https:\/\/www.realitni-agentura.cz\/projekty\/wp-json\/wp\/v2\/pages"}],"about":[{"href":"https:\/\/www.realitni-agentura.cz\/projekty\/wp-json\/wp\/v2\/types\/page"}],"author":[{"embeddable":true,"href":"https:\/\/www.realitni-agentura.cz\/projekty\/wp-json\/wp\/v2\/users\/1"}],"replies":[{"embeddable":true,"href":"https:\/\/www.realitni-agentura.cz\/projekty\/wp-json\/wp\/v2\/comments?post=175"}],"version-history":[{"count":2,"href":"https:\/\/www.realitni-agentura.cz\/projekty\/wp-json\/wp\/v2\/pages\/175\/revisions"}],"predecessor-version":[{"id":177,"href":"https:\/\/www.realitni-agentura.cz\/projekty\/wp-json\/wp\/v2\/pages\/175\/revisions\/177"}],"wp:attachment":[{"href":"https:\/\/www.realitni-agentura.cz\/projekty\/wp-json\/wp\/v2\/media?parent=175"}],"curies":[{"name":"wp","href":"https:\/\/api.w.org\/{rel}","templated":true}]}}